{"id":999,"date":"2025-12-19T22:15:51","date_gmt":"2025-12-19T22:15:51","guid":{"rendered":"https:\/\/regenflex.com.pe\/?page_id=999"},"modified":"2025-12-29T21:27:10","modified_gmt":"2025-12-29T21:27:10","slug":"producto-regenflex-tm","status":"publish","type":"page","link":"https:\/\/regenflex.com.pe\/index.php\/producto-regenflex-tm\/","title":{"rendered":"Producto: Regenflex T&amp;M"},"content":{"rendered":"\t\t<div data-elementor-type=\"wp-page\" data-elementor-id=\"999\" class=\"elementor elementor-999\" data-elementor-post-type=\"page\">\n\t\t\t\t<div class=\"elementor-element elementor-element-138a442 elementor-hidden-desktop e-flex e-con-boxed e-con e-parent\" data-id=\"138a442\" data-element_type=\"container\">\n\t\t\t\t\t<div class=\"e-con-inner\">\n\t\t<div class=\"elementor-element elementor-element-f8a3b42 e-con-full e-flex e-con e-child\" data-id=\"f8a3b42\" data-element_type=\"container\">\n\t\t\t\t<div class=\"elementor-element elementor-element-b4ddce2 elementor-widget elementor-widget-heading\" data-id=\"b4ddce2\" data-element_type=\"widget\" data-widget_type=\"heading.default\">\n\t\t\t\t<div class=\"elementor-widget-container\">\n\t\t\t\t\t<h2 class=\"elementor-heading-title elementor-size-default\">REGENFLEX T&amp;M 32 mg \/ 2 ml<\/h2>\t\t\t\t<\/div>\n\t\t\t\t<\/div>\n\t\t\t\t<div class=\"elementor-element elementor-element-409bd7c elementor-widget elementor-widget-image\" data-id=\"409bd7c\" data-element_type=\"widget\" data-widget_type=\"image.default\">\n\t\t\t\t<div class=\"elementor-widget-container\">\n\t\t\t\t\t\t\t\t\t\t\t\t\t\t\t<img fetchpriority=\"high\" decoding=\"async\" width=\"960\" height=\"693\" src=\"https:\/\/regenflex.com.pe\/wp-content\/uploads\/2025\/12\/fraccionen5pesos.jpg\" class=\"attachment-full size-full wp-image-1112\" alt=\"\" srcset=\"https:\/\/regenflex.com.pe\/wp-content\/uploads\/2025\/12\/fraccionen5pesos.jpg 960w, https:\/\/regenflex.com.pe\/wp-content\/uploads\/2025\/12\/fraccionen5pesos-300x217.jpg 300w, https:\/\/regenflex.com.pe\/wp-content\/uploads\/2025\/12\/fraccionen5pesos-768x554.jpg 768w\" sizes=\"(max-width: 960px) 100vw, 960px\" \/>\t\t\t\t\t\t\t\t\t\t\t\t\t\t\t<\/div>\n\t\t\t\t<\/div>\n\t\t\t\t<div class=\"elementor-element elementor-element-cbaa138 elementor-widget elementor-widget-text-editor\" data-id=\"cbaa138\" data-element_type=\"widget\" data-widget_type=\"text-editor.default\">\n\t\t\t\t<div class=\"elementor-widget-container\">\n\t\t\t\t\t\t\t\t\t<p>Regenflex T&amp;M es un gel transparente a base de \u00e1cido hialur\u00f3nico lineal multifraccionado en 5 pesos moleculares, creado mediante un proceso tecnol\u00f3gico avanzado.<\/p><p>Regenflex T&amp;M es una soluci\u00f3n fisiol\u00f3gica tamponada que contiene el 1.6 % de \u00e1cido hialur\u00f3nico multifraccionado con notables propiedades viscoel\u00e1sticas. El hialuronato de sodio es un componente fundamental del l\u00edquido sinovial, ya que es el responsable de sus propiedades viscoel\u00e1sticas particulares.<\/p><p>Cada envase contiene 1 jeringa desechable con 2 ml de soluci\u00f3n fisiol\u00f3gica salina tamponada.<\/p>\t\t\t\t\t\t\t\t<\/div>\n\t\t\t\t<\/div>\n\t\t\t\t<\/div>\n\t\t\t\t<div class=\"elementor-element elementor-element-0e8c829 elementor-widget-divider--view-line elementor-widget elementor-widget-divider\" data-id=\"0e8c829\" data-element_type=\"widget\" data-widget_type=\"divider.default\">\n\t\t\t\t<div class=\"elementor-widget-container\">\n\t\t\t\t\t\t\t<div class=\"elementor-divider\">\n\t\t\t<span class=\"elementor-divider-separator\">\n\t\t\t\t\t\t<\/span>\n\t\t<\/div>\n\t\t\t\t\t\t<\/div>\n\t\t\t\t<\/div>\n\t\t<div class=\"elementor-element elementor-element-17b403b e-con-full e-flex e-con e-child\" data-id=\"17b403b\" data-element_type=\"container\">\n\t\t\t\t<div class=\"elementor-element elementor-element-4c5bd2d elementor-widget elementor-widget-image\" data-id=\"4c5bd2d\" data-element_type=\"widget\" data-widget_type=\"image.default\">\n\t\t\t\t<div class=\"elementor-widget-container\">\n\t\t\t\t\t\t\t\t\t\t\t\t\t\t\t<img decoding=\"async\" width=\"2560\" height=\"1707\" src=\"https:\/\/regenflex.com.pe\/wp-content\/uploads\/2025\/12\/Banner-2-scaled.jpg\" class=\"attachment-full size-full wp-image-1016\" alt=\"\" srcset=\"https:\/\/regenflex.com.pe\/wp-content\/uploads\/2025\/12\/Banner-2-scaled.jpg 2560w, https:\/\/regenflex.com.pe\/wp-content\/uploads\/2025\/12\/Banner-2-300x200.jpg 300w, https:\/\/regenflex.com.pe\/wp-content\/uploads\/2025\/12\/Banner-2-1024x683.jpg 1024w, https:\/\/regenflex.com.pe\/wp-content\/uploads\/2025\/12\/Banner-2-768x512.jpg 768w, https:\/\/regenflex.com.pe\/wp-content\/uploads\/2025\/12\/Banner-2-1536x1024.jpg 1536w, https:\/\/regenflex.com.pe\/wp-content\/uploads\/2025\/12\/Banner-2-2048x1365.jpg 2048w\" sizes=\"(max-width: 2560px) 100vw, 2560px\" \/>\t\t\t\t\t\t\t\t\t\t\t\t\t\t\t<\/div>\n\t\t\t\t<\/div>\n\t\t\t\t<div class=\"elementor-element elementor-element-e36ceec elementor-widget elementor-widget-text-editor\" data-id=\"e36ceec\" data-element_type=\"widget\" data-widget_type=\"text-editor.default\">\n\t\t\t\t<div class=\"elementor-widget-container\">\n\t\t\t\t\t\t\t\t\t<p><strong>Componente principal:<\/strong> \u00c1cido hialur\u00f3nico lineal multifraccionado.<br \/>Cloruro de sodio, tamp\u00f3n fosfato, agua para soluciones inyectables.<\/p><p>Regenflex T&amp;M es un sustituto del l\u00edquido sinovial, para el restablecimiento de las propiedades fisiol\u00f3gicas y reol\u00f3gicas de tendones, ligamentos y m\u00fasculos afectadas, en caso de estados de dolor o de movilidad reducida, a causa de infecciones degenerativas o postraum\u00e1ticas.<\/p>\t\t\t\t\t\t\t\t<\/div>\n\t\t\t\t<\/div>\n\t\t\t\t<\/div>\n\t\t\t\t\t<\/div>\n\t\t\t\t<\/div>\n\t\t<div class=\"elementor-element elementor-element-749ecaf e-con-full elementor-hidden-tablet elementor-hidden-mobile e-flex e-con e-parent\" data-id=\"749ecaf\" data-element_type=\"container\" data-settings=\"{&quot;background_background&quot;:&quot;classic&quot;}\">\n\t\t\t\t<div class=\"elementor-element elementor-element-bac7048 elementor-widget__width-inherit elementor-pagination-position-inside elementor-pagination-type-bullets elementor-widget elementor-widget-n-carousel\" data-id=\"bac7048\" data-element_type=\"widget\" data-settings=\"{&quot;carousel_items&quot;:[{&quot;slide_title&quot;:&quot;Slide #1&quot;,&quot;_id&quot;:&quot;29ab7a6&quot;},{&quot;slide_title&quot;:&quot;Slide #2&quot;,&quot;_id&quot;:&quot;3a3470d&quot;}],&quot;slides_to_show&quot;:&quot;1&quot;,&quot;slides_to_scroll&quot;:&quot;1&quot;,&quot;slides_to_show_tablet&quot;:&quot;2&quot;,&quot;slides_to_show_mobile&quot;:&quot;1&quot;,&quot;autoplay&quot;:&quot;yes&quot;,&quot;autoplay_speed&quot;:5000,&quot;pause_on_hover&quot;:&quot;yes&quot;,&quot;pause_on_interaction&quot;:&quot;yes&quot;,&quot;infinite&quot;:&quot;yes&quot;,&quot;speed&quot;:500,&quot;offset_sides&quot;:&quot;none&quot;,&quot;pagination&quot;:&quot;bullets&quot;,&quot;image_spacing_custom&quot;:{&quot;unit&quot;:&quot;px&quot;,&quot;size&quot;:10,&quot;sizes&quot;:[]},&quot;image_spacing_custom_tablet&quot;:{&quot;unit&quot;:&quot;px&quot;,&quot;size&quot;:&quot;&quot;,&quot;sizes&quot;:[]},&quot;image_spacing_custom_mobile&quot;:{&quot;unit&quot;:&quot;px&quot;,&quot;size&quot;:&quot;&quot;,&quot;sizes&quot;:[]}}\" data-widget_type=\"nested-carousel.default\">\n\t\t\t\t<div class=\"elementor-widget-container\">\n\t\t\t\t\t\t\t<div class=\"e-n-carousel swiper\" role=\"region\" aria-roledescription=\"carousel\" aria-label=\"Carousel\" dir=\"ltr\">\n\t\t\t<div class=\"swiper-wrapper\" aria-live=\"off\">\n\t\t\t\t\t\t\t\t\t\t<div class=\"swiper-slide\" data-slide=\"1\" role=\"group\" aria-roledescription=\"slide\" aria-label=\"1 of 2\">\n\t\t\t\t\t\t\t<div class=\"elementor-element elementor-element-700e8e9 e-con-full e-flex e-con e-child\" data-id=\"700e8e9\" data-element_type=\"container\" data-settings=\"{&quot;background_background&quot;:&quot;classic&quot;}\">\n\t\t<div class=\"elementor-element elementor-element-b600215 e-con-full e-flex e-con e-child\" data-id=\"b600215\" data-element_type=\"container\">\n\t\t<div class=\"elementor-element elementor-element-7b1f8bd e-con-full e-flex e-con e-child\" data-id=\"7b1f8bd\" data-element_type=\"container\">\n\t\t\t\t<div class=\"elementor-element elementor-element-7c805f3 elementor-widget elementor-widget-heading\" data-id=\"7c805f3\" data-element_type=\"widget\" data-widget_type=\"heading.default\">\n\t\t\t\t<div class=\"elementor-widget-container\">\n\t\t\t\t\t<h2 class=\"elementor-heading-title elementor-size-default\">REGENFLEX T&amp;M<br> 32 mg \/ 2 ml<\/h2>\t\t\t\t<\/div>\n\t\t\t\t<\/div>\n\t\t\t\t<div class=\"elementor-element elementor-element-54da7d1 elementor-widget elementor-widget-text-editor\" data-id=\"54da7d1\" data-element_type=\"widget\" data-widget_type=\"text-editor.default\">\n\t\t\t\t<div class=\"elementor-widget-container\">\n\t\t\t\t\t\t\t\t\t<p>Regenflex T&amp;M es un gel transparente a base de \u00e1cido hialur\u00f3nico lineal multifraccionado en 5 pesos moleculares, creado mediante un proceso tecnol\u00f3gico avanzado.<\/p><p>Regenflex T&amp;M es una soluci\u00f3n fisiol\u00f3gica tamponada que contiene el 1.6 % de \u00e1cido hialur\u00f3nico multifraccionado con notables propiedades viscoel\u00e1sticas. El hialuronato de sodio es un componente fundamental del l\u00edquido sinovial, ya que es el responsable de sus propiedades viscoel\u00e1sticas particulares.<\/p><p>Cada envase contiene 1 jeringa desechable con 2 ml de soluci\u00f3n fisiol\u00f3gica salina tamponada.<\/p>\t\t\t\t\t\t\t\t<\/div>\n\t\t\t\t<\/div>\n\t\t<div class=\"elementor-element elementor-element-b6496ad e-con-full e-flex e-con e-child\" data-id=\"b6496ad\" data-element_type=\"container\">\n\t\t\t\t<div class=\"elementor-element elementor-element-9ed8c05 elementor-align-center elementor-widget elementor-widget-elementskit-button\" data-id=\"9ed8c05\" data-element_type=\"widget\" data-widget_type=\"elementskit-button.default\">\n\t\t\t\t<div class=\"elementor-widget-container\">\n\t\t\t\t\t<div class=\"ekit-wid-con\" >\t\t<div class=\"ekit-btn-wraper\">\n\t\t\t\t\t\t\t<a href=\"https:\/\/regenflex.com.pe\/wp-content\/uploads\/2025\/12\/Ficha-tecnica-TM.pdf\" class=\"elementskit-btn  whitespace--normal\" id=\"\">\n\t\t\t\t\tFolleto informativo<i class=\"icon icon-right-arrow1\"><\/i>\t\t\t\t<\/a>\n\t\t\t\t\t<\/div>\n        <\/div>\t\t\t\t<\/div>\n\t\t\t\t<\/div>\n\t\t\t\t<div class=\"elementor-element elementor-element-456846c elementor-align-center elementor-widget elementor-widget-elementskit-button\" data-id=\"456846c\" data-element_type=\"widget\" data-widget_type=\"elementskit-button.default\">\n\t\t\t\t<div class=\"elementor-widget-container\">\n\t\t\t\t\t<div class=\"ekit-wid-con\" >\t\t<div class=\"ekit-btn-wraper\">\n\t\t\t\t\t\t\t<a href=\"#\" class=\"elementskit-btn  whitespace--normal\" id=\"\">\n\t\t\t\t\tInserto<i class=\"icon icon-right-arrow1\"><\/i>\t\t\t\t<\/a>\n\t\t\t\t\t<\/div>\n        <\/div>\t\t\t\t<\/div>\n\t\t\t\t<\/div>\n\t\t\t\t<\/div>\n\t\t\t\t<\/div>\n\t\t<div class=\"elementor-element elementor-element-bcb241d e-con-full elementor-hidden-tablet elementor-hidden-mobile e-flex e-con e-child\" data-id=\"bcb241d\" data-element_type=\"container\" data-settings=\"{&quot;background_background&quot;:&quot;classic&quot;}\">\n\t\t\t\t<\/div>\n\t\t\t\t<\/div>\n\t\t\t\t<\/div>\n\t\t\t\t\t\t\t\t<\/div>\n\t\t\t\t\t\t\t\t\t\t\t<div class=\"swiper-slide\" data-slide=\"2\" role=\"group\" aria-roledescription=\"slide\" aria-label=\"2 of 2\">\n\t\t\t\t\t\t\t<div class=\"elementor-element elementor-element-1f54f15 e-con-full e-flex e-con e-child\" data-id=\"1f54f15\" data-element_type=\"container\" data-settings=\"{&quot;background_background&quot;:&quot;classic&quot;}\">\n\t\t<div class=\"elementor-element elementor-element-d7a2b60 e-con-full e-flex e-con e-child\" data-id=\"d7a2b60\" data-element_type=\"container\">\n\t\t<div class=\"elementor-element elementor-element-69b8190 e-con-full e-flex e-con e-child\" data-id=\"69b8190\" data-element_type=\"container\">\n\t\t\t\t<div class=\"elementor-element elementor-element-91dadf2 elementor-widget elementor-widget-heading\" data-id=\"91dadf2\" data-element_type=\"widget\" data-widget_type=\"heading.default\">\n\t\t\t\t<div class=\"elementor-widget-container\">\n\t\t\t\t\t<h2 class=\"elementor-heading-title elementor-size-default\">REGENFLEX T&amp;M<br> \n32 mg \/ 2 ml<\/h2>\t\t\t\t<\/div>\n\t\t\t\t<\/div>\n\t\t\t\t<div class=\"elementor-element elementor-element-a6b0074 elementor-widget elementor-widget-text-editor\" data-id=\"a6b0074\" data-element_type=\"widget\" data-widget_type=\"text-editor.default\">\n\t\t\t\t<div class=\"elementor-widget-container\">\n\t\t\t\t\t\t\t\t\t<p>Componente principal: \u00c1cido hialur\u00f3nico lineal multifraccionado.<br \/>Cloruro de sodio, tamp\u00f3n fosfato, agua para soluciones inyectables.<\/p><p>Regenflex T&amp;M es un sustituto del l\u00edquido sinovial, para el restablecimiento de las propiedades fisiol\u00f3gicas y reol\u00f3gicas de tendones, ligamentos y m\u00fasculos afectadas, en caso de estados de dolor o de movilidad reducida, a causa de infecciones degenerativas o postraum\u00e1ticas.<\/p>\t\t\t\t\t\t\t\t<\/div>\n\t\t\t\t<\/div>\n\t\t<div class=\"elementor-element elementor-element-f276a71 e-con-full e-flex e-con e-child\" data-id=\"f276a71\" data-element_type=\"container\">\n\t\t\t\t<div class=\"elementor-element elementor-element-bc98fd2 elementor-align-center elementor-widget elementor-widget-elementskit-button\" data-id=\"bc98fd2\" data-element_type=\"widget\" data-widget_type=\"elementskit-button.default\">\n\t\t\t\t<div class=\"elementor-widget-container\">\n\t\t\t\t\t<div class=\"ekit-wid-con\" >\t\t<div class=\"ekit-btn-wraper\">\n\t\t\t\t\t\t\t<a href=\"https:\/\/regenflex.com.pe\/wp-content\/uploads\/2025\/03\/Ficha-de-datos-regenflex-starter.pdf\" class=\"elementskit-btn  whitespace--normal\" id=\"\">\n\t\t\t\t\tFolleto informativo<i class=\"icon icon-right-arrow1\"><\/i>\t\t\t\t<\/a>\n\t\t\t\t\t<\/div>\n        <\/div>\t\t\t\t<\/div>\n\t\t\t\t<\/div>\n\t\t\t\t<div class=\"elementor-element elementor-element-402c7b1 elementor-align-center elementor-widget elementor-widget-elementskit-button\" data-id=\"402c7b1\" data-element_type=\"widget\" data-widget_type=\"elementskit-button.default\">\n\t\t\t\t<div class=\"elementor-widget-container\">\n\t\t\t\t\t<div class=\"ekit-wid-con\" >\t\t<div class=\"ekit-btn-wraper\">\n\t\t\t\t\t\t\t<a href=\"https:\/\/www.regenflexproject.com\/wp-content\/uploads\/2018\/11\/regenflex_starter_bug.pdf\" class=\"elementskit-btn  whitespace--normal\" id=\"\">\n\t\t\t\t\tInserto<i class=\"icon icon-right-arrow1\"><\/i>\t\t\t\t<\/a>\n\t\t\t\t\t<\/div>\n        <\/div>\t\t\t\t<\/div>\n\t\t\t\t<\/div>\n\t\t\t\t<\/div>\n\t\t\t\t<\/div>\n\t\t<div class=\"elementor-element elementor-element-15bf136 e-con-full elementor-hidden-tablet elementor-hidden-mobile e-flex e-con e-child\" data-id=\"15bf136\" data-element_type=\"container\" data-settings=\"{&quot;background_background&quot;:&quot;classic&quot;}\">\n\t\t\t\t<\/div>\n\t\t\t\t<\/div>\n\t\t\t\t<\/div>\n\t\t\t\t\t\t\t\t<\/div>\n\t\t\t\t\t\t\t\t<\/div>\n\t\t<\/div>\n\t\t\t\t\t<div class=\"swiper-pagination\"><\/div>\n\t\t\t\t\t\t<\/div>\n\t\t\t\t<\/div>\n\t\t\t\t<\/div>\n\t\t<div class=\"elementor-element elementor-element-1e5e85f e-con-full e-flex e-con e-parent\" data-id=\"1e5e85f\" data-element_type=\"container\">\n\t\t\t\t<div class=\"elementor-element elementor-element-1fad6a2 elementor-widget elementor-widget-elementskit-heading\" data-id=\"1fad6a2\" data-element_type=\"widget\" data-widget_type=\"elementskit-heading.default\">\n\t\t\t\t<div class=\"elementor-widget-container\">\n\t\t\t\t\t<div class=\"ekit-wid-con\" ><div class=\"ekit-heading elementskit-section-title-wraper text_center   ekit_heading_tablet-   ekit_heading_mobile-\"><h2 class=\"ekit-heading--title elementskit-section-title \">\u00c1CIDO HIALUR\u00d3NICO LINEAL MULTIFRACCIONADO<\/h2><div class=\"ekit_heading_separetor_wraper ekit_heading_elementskit-border-divider\"><div class=\"elementskit-border-divider\"><\/div><\/div><\/div><\/div>\t\t\t\t<\/div>\n\t\t\t\t<\/div>\n\t\t\t\t<div class=\"elementor-element elementor-element-1c51e5e elementor-widget elementor-widget-image\" data-id=\"1c51e5e\" data-element_type=\"widget\" data-widget_type=\"image.default\">\n\t\t\t\t<div class=\"elementor-widget-container\">\n\t\t\t\t\t\t\t\t\t\t\t\t\t\t\t<img decoding=\"async\" width=\"787\" height=\"323\" src=\"https:\/\/regenflex.com.pe\/wp-content\/uploads\/2025\/12\/Propiedades-regenflex.jpg\" class=\"attachment-full size-full wp-image-1076\" alt=\"\" srcset=\"https:\/\/regenflex.com.pe\/wp-content\/uploads\/2025\/12\/Propiedades-regenflex.jpg 787w, https:\/\/regenflex.com.pe\/wp-content\/uploads\/2025\/12\/Propiedades-regenflex-300x123.jpg 300w, https:\/\/regenflex.com.pe\/wp-content\/uploads\/2025\/12\/Propiedades-regenflex-768x315.jpg 768w\" sizes=\"(max-width: 787px) 100vw, 787px\" \/>\t\t\t\t\t\t\t\t\t\t\t\t\t\t\t<\/div>\n\t\t\t\t<\/div>\n\t\t\t\t<\/div>\n\t\t<div class=\"elementor-element elementor-element-5e1392a e-flex e-con-boxed e-con e-parent\" data-id=\"5e1392a\" data-element_type=\"container\">\n\t\t\t\t\t<div class=\"e-con-inner\">\n\t\t<div class=\"elementor-element elementor-element-65e1f5c e-con-full e-flex e-con e-child\" data-id=\"65e1f5c\" data-element_type=\"container\">\n\t\t\t\t<div class=\"elementor-element elementor-element-517e5cc elementor-widget elementor-widget-heading\" data-id=\"517e5cc\" data-element_type=\"widget\" data-widget_type=\"heading.default\">\n\t\t\t\t<div class=\"elementor-widget-container\">\n\t\t\t\t\t<h2 class=\"elementor-heading-title elementor-size-default\">Avanzada Soluci\u00f3n para Tendones, Ligamentos y Cadera<\/h2>\t\t\t\t<\/div>\n\t\t\t\t<\/div>\n\t\t\t\t<div class=\"elementor-element elementor-element-314152c elementor-widget elementor-widget-text-editor\" data-id=\"314152c\" data-element_type=\"widget\" data-widget_type=\"text-editor.default\">\n\t\t\t\t<div class=\"elementor-widget-container\">\n\t\t\t\t\t\t\t\t\t<p>Regenflex T&amp;M est\u00e1 dise\u00f1ado para el tratamiento de tendones, ligamentos y cadera, utilizando \u00e1cido hialur\u00f3nico lineal multifraccionado. Esta formulaci\u00f3n proporciona un alivio del dolor y contribuye a la reducci\u00f3n de la inflamaci\u00f3n, mejorando significativamente la movilidad y favoreciendo la recuperaci\u00f3n funcional al optimizar la lubricaci\u00f3n y acelerar los procesos de reparaci\u00f3n en los tejidos lesionados.<\/p>\t\t\t\t\t\t\t\t<\/div>\n\t\t\t\t<\/div>\n\t\t\t\t<\/div>\n\t\t<div class=\"elementor-element elementor-element-2235df3 e-con-full elementor-hidden-tablet e-flex e-con e-child\" data-id=\"2235df3\" data-element_type=\"container\">\n\t\t\t\t<div class=\"elementor-element elementor-element-a961e39 elementor-widget elementor-widget-image\" data-id=\"a961e39\" data-element_type=\"widget\" data-widget_type=\"image.default\">\n\t\t\t\t<div class=\"elementor-widget-container\">\n\t\t\t\t\t\t\t\t\t\t\t\t\t\t\t<img loading=\"lazy\" decoding=\"async\" width=\"1080\" height=\"1080\" src=\"https:\/\/regenflex.com.pe\/wp-content\/uploads\/2025\/12\/Avanzada.jpg\" class=\"attachment-full size-full wp-image-1003\" alt=\"\" srcset=\"https:\/\/regenflex.com.pe\/wp-content\/uploads\/2025\/12\/Avanzada.jpg 1080w, https:\/\/regenflex.com.pe\/wp-content\/uploads\/2025\/12\/Avanzada-300x300.jpg 300w, https:\/\/regenflex.com.pe\/wp-content\/uploads\/2025\/12\/Avanzada-1024x1024.jpg 1024w, https:\/\/regenflex.com.pe\/wp-content\/uploads\/2025\/12\/Avanzada-150x150.jpg 150w, https:\/\/regenflex.com.pe\/wp-content\/uploads\/2025\/12\/Avanzada-768x768.jpg 768w\" sizes=\"(max-width: 1080px) 100vw, 1080px\" \/>\t\t\t\t\t\t\t\t\t\t\t\t\t\t\t<\/div>\n\t\t\t\t<\/div>\n\t\t\t\t<\/div>\n\t\t\t\t\t<\/div>\n\t\t\t\t<\/div>\n\t\t<div class=\"elementor-element elementor-element-0343397 e-grid e-con-boxed e-con e-parent\" data-id=\"0343397\" data-element_type=\"container\">\n\t\t\t\t\t<div class=\"e-con-inner\">\n\t\t<div class=\"elementor-element elementor-element-179713e e-con-full e-flex e-con e-child\" data-id=\"179713e\" data-element_type=\"container\">\n\t\t\t\t<div class=\"elementor-element elementor-element-212ab53 elementor-widget elementor-widget-heading\" data-id=\"212ab53\" data-element_type=\"widget\" data-widget_type=\"heading.default\">\n\t\t\t\t<div class=\"elementor-widget-container\">\n\t\t\t\t\t<h2 class=\"elementor-heading-title elementor-size-default\">V\u00eddeo sobre t\u00e9cnicas de inyecci\u00f3n<br><\/h2>\t\t\t\t<\/div>\n\t\t\t\t<\/div>\n\t\t\t\t<div class=\"elementor-element elementor-element-0122350 elementor-widget elementor-widget-video\" data-id=\"0122350\" data-element_type=\"widget\" data-settings=\"{&quot;video_type&quot;:&quot;hosted&quot;,&quot;mute&quot;:&quot;yes&quot;,&quot;controls&quot;:&quot;yes&quot;}\" data-widget_type=\"video.default\">\n\t\t\t\t<div class=\"elementor-widget-container\">\n\t\t\t\t\t\t\t<div class=\"e-hosted-video elementor-wrapper elementor-open-inline\">\n\t\t\t\t\t<video class=\"elementor-video\" src=\"https:\/\/regenflex.com.pe\/wp-content\/uploads\/2025\/12\/video-sobre-tecnica-de-inyeccion-1.mp4\" controls=\"\" preload=\"metadata\" muted=\"muted\" controlsList=\"nodownload\"><\/video>\n\t\t\t\t<\/div>\n\t\t\t\t\t\t<\/div>\n\t\t\t\t<\/div>\n\t\t\t\t<\/div>\n\t\t<div class=\"elementor-element elementor-element-224dc78 e-con-full e-flex e-con e-child\" data-id=\"224dc78\" data-element_type=\"container\">\n\t\t\t\t<div class=\"elementor-element elementor-element-a85afe5 elementor-widget elementor-widget-heading\" data-id=\"a85afe5\" data-element_type=\"widget\" data-widget_type=\"heading.default\">\n\t\t\t\t<div class=\"elementor-widget-container\">\n\t\t\t\t\t<h2 class=\"elementor-heading-title elementor-size-default\">V\u00eddeo sobre inyecci\u00f3n de cadera guiada por ultrasonido<\/h2>\t\t\t\t<\/div>\n\t\t\t\t<\/div>\n\t\t\t\t<div class=\"elementor-element elementor-element-bab3a7a elementor-widget elementor-widget-video\" data-id=\"bab3a7a\" data-element_type=\"widget\" data-settings=\"{&quot;video_type&quot;:&quot;hosted&quot;,&quot;mute&quot;:&quot;yes&quot;,&quot;controls&quot;:&quot;yes&quot;}\" data-widget_type=\"video.default\">\n\t\t\t\t<div class=\"elementor-widget-container\">\n\t\t\t\t\t\t\t<div class=\"e-hosted-video elementor-wrapper elementor-open-inline\">\n\t\t\t\t\t<video class=\"elementor-video\" src=\"https:\/\/regenflex.com.pe\/wp-content\/uploads\/2025\/12\/Video-sobre-inyeccion-de-cadera-guiada-por-ultrasonido-1.mp4\" controls=\"\" preload=\"metadata\" muted=\"muted\" controlsList=\"nodownload\"><\/video>\n\t\t\t\t<\/div>\n\t\t\t\t\t\t<\/div>\n\t\t\t\t<\/div>\n\t\t\t\t<\/div>\n\t\t\t\t\t<\/div>\n\t\t\t\t<\/div>\n\t\t<div class=\"elementor-element elementor-element-7bbdac9 e-con-full e-flex e-con e-parent\" data-id=\"7bbdac9\" data-element_type=\"container\" data-settings=\"{&quot;background_background&quot;:&quot;classic&quot;}\">\n\t\t\t\t<div class=\"elementor-element elementor-element-af3a4b0 elementor-widget elementor-widget-text-editor\" data-id=\"af3a4b0\" data-element_type=\"widget\" data-widget_type=\"text-editor.default\">\n\t\t\t\t<div class=\"elementor-widget-container\">\n\t\t\t\t\t\t\t\t\t<p style=\"text-align: center;\">Registro Sanitario N\u00b0 DM20224E<br \/>SE VENDEN S\u00d3LO BAJO RECETA M\u00c9DICA.<br \/>LA INYECCI\u00d3N INTRAARTICULAR DEBE SER REALIZADA S\u00d3LO POR UN M\u00c9DICO<\/p>\t\t\t\t\t\t\t\t<\/div>\n\t\t\t\t<\/div>\n\t\t\t\t<\/div>\n\t\t\t\t<\/div>\n\t\t","protected":false},"excerpt":{"rendered":"<p>REGENFLEX T&amp;M 32 mg \/ 2 ml Regenflex T&amp;M es un gel transparente a base de \u00e1cido hialur\u00f3nico lineal multifraccionado [&hellip;]<\/p>\n","protected":false},"author":2,"featured_media":0,"parent":0,"menu_order":0,"comment_status":"closed","ping_status":"closed","template":"","meta":{"site-sidebar-layout":"no-sidebar","site-content-layout":"","ast-site-content-layout":"full-width-container","site-content-style":"default","site-sidebar-style":"default","ast-global-header-display":"","ast-banner-title-visibility":"","ast-main-header-display":"","ast-hfb-above-header-display":"","ast-hfb-below-header-display":"","ast-hfb-mobile-header-display":"","site-post-title":"disabled","ast-breadcrumbs-content":"","ast-featured-img":"disabled","footer-sml-layout":"","theme-transparent-header-meta":"","adv-header-id-meta":"","stick-header-meta":"","header-above-stick-meta":"","header-main-stick-meta":"","header-below-stick-meta":"","astra-migrate-meta-layouts":"default","ast-page-background-enabled":"default","ast-page-background-meta":{"desktop":{"background-color":"var(--ast-global-color-5)","background-image":"","background-repeat":"repeat","background-position":"center center","background-size":"auto","background-attachment":"scroll","background-type":"","background-media":"","overlay-type":"","overlay-color":"","overlay-opacity":"","overlay-gradient":""},"tablet":{"background-color":"","background-image":"","background-repeat":"repeat","background-position":"center center","background-size":"auto","background-attachment":"scroll","background-type":"","background-media":"","overlay-type":"","overlay-color":"","overlay-opacity":"","overlay-gradient":""},"mobile":{"background-color":"","background-image":"","background-repeat":"repeat","background-position":"center center","background-size":"auto","background-attachment":"scroll","background-type":"","background-media":"","overlay-type":"","overlay-color":"","overlay-opacity":"","overlay-gradient":""}},"ast-content-background-meta":{"desktop":{"background-color":"var(--ast-global-color-4)","background-image":"","background-repeat":"repeat","background-position":"center center","background-size":"auto","background-attachment":"scroll","background-type":"","background-media":"","overlay-type":"","overlay-color":"","overlay-opacity":"","overlay-gradient":""},"tablet":{"background-color":"var(--ast-global-color-4)","background-image":"","background-repeat":"repeat","background-position":"center center","background-size":"auto","background-attachment":"scroll","background-type":"","background-media":"","overlay-type":"","overlay-color":"","overlay-opacity":"","overlay-gradient":""},"mobile":{"background-color":"var(--ast-global-color-4)","background-image":"","background-repeat":"repeat","background-position":"center center","background-size":"auto","background-attachment":"scroll","background-type":"","background-media":"","overlay-type":"","overlay-color":"","overlay-opacity":"","overlay-gradient":""}},"footnotes":""},"class_list":["post-999","page","type-page","status-publish","hentry"],"_links":{"self":[{"href":"https:\/\/regenflex.com.pe\/index.php\/wp-json\/wp\/v2\/pages\/999","targetHints":{"allow":["GET"]}}],"collection":[{"href":"https:\/\/regenflex.com.pe\/index.php\/wp-json\/wp\/v2\/pages"}],"about":[{"href":"https:\/\/regenflex.com.pe\/index.php\/wp-json\/wp\/v2\/types\/page"}],"author":[{"embeddable":true,"href":"https:\/\/regenflex.com.pe\/index.php\/wp-json\/wp\/v2\/users\/2"}],"replies":[{"embeddable":true,"href":"https:\/\/regenflex.com.pe\/index.php\/wp-json\/wp\/v2\/comments?post=999"}],"version-history":[{"count":64,"href":"https:\/\/regenflex.com.pe\/index.php\/wp-json\/wp\/v2\/pages\/999\/revisions"}],"predecessor-version":[{"id":1118,"href":"https:\/\/regenflex.com.pe\/index.php\/wp-json\/wp\/v2\/pages\/999\/revisions\/1118"}],"wp:attachment":[{"href":"https:\/\/regenflex.com.pe\/index.php\/wp-json\/wp\/v2\/media?parent=999"}],"curies":[{"name":"wp","href":"https:\/\/api.w.org\/{rel}","templated":true}]}}