{"id":895,"date":"2025-03-21T22:41:57","date_gmt":"2025-03-21T22:41:57","guid":{"rendered":"https:\/\/regenflex.com.pe\/?page_id=895"},"modified":"2025-03-21T22:47:09","modified_gmt":"2025-03-21T22:47:09","slug":"terminos-y-condiciones","status":"publish","type":"page","link":"https:\/\/regenflex.com.pe\/index.php\/terminos-y-condiciones\/","title":{"rendered":"Terminos y Condiciones"},"content":{"rendered":"\n<p><span id=\"docs-internal-guid-694cd263-7fff-ade7-5c66-6a49fcda1f1c\" style=\"white-space: normal; caret-color: rgb(0, 0, 0); color: rgb(0, 0, 0);\"><\/span><\/p>\n\n\n\n<p>GENERALIDADESRegenflex&nbsp; gestiona este sitio web. En todo el sitio, los t\u00e9rminos \u00abnosotros\u00bb, \u00abnos\u00bb y \u00abnuestro\u00bb se refieren en lo sucesivo a Regenflex. Regenflex ofrece esta p\u00e1gina web, incluida toda la informaci\u00f3n, las herramientas y los servicios que se ponen en este sitio a disposici\u00f3n suya, el usuario, siempre y cuando acepte la totalidad de los t\u00e9rminos, condiciones, pol\u00edticas y avisos contemplados aqu\u00ed.Al visitar nuestro sitio y\/o comprarnos algo, usted interact\u00faa con nuestro \u00abServicio\u00bb y reconoce como vinculantes los siguientes t\u00e9rminos y condiciones (denominados en lo sucesivo \u00abT\u00e9rminos del servicio\u00bb, \u00abT\u00e9rminos\u00bb), incluidos aquellos t\u00e9rminos y condiciones adicionales y las pol\u00edticas que se mencionan aqu\u00ed y\/o disponibles por medio de hiperv\u00ednculo. Estos T\u00e9rminos del servicio se aplican a todos los usuarios del sitio, incluyendo de manera enunciativa m\u00e1s no limitativa los usuarios que son navegadores, proveedores, clientes, comerciantes y\/o que aporten contenido.Lea estos T\u00e9rminos del servicio detenidamente antes de acceder o utilizar nuestra p\u00e1gina web. Al acceder o utilizar cualquier parte del sitio, usted acepta estos T\u00e9rminos del servicio. Si no acepta la totalidad de los t\u00e9rminos y condiciones de este acuerdo, no podr\u00e1 acceder al sitio web ni utilizar ning\u00fan servicio. Si estos T\u00e9rminos del servicio se considerasen una oferta, la aceptaci\u00f3n se limita expresamente a los presentes T\u00e9rminos del servicio.Las nuevas funciones o herramientas que se agreguen a la tienda actual tambi\u00e9n estar\u00e1n sujetas a los T\u00e9rminos del servicio. Puede revisar la versi\u00f3n m\u00e1s reciente de los T\u00e9rminos del servicio en cualquier momento en esta p\u00e1gina. Nos reservamos el derecho de actualizar, cambiar o reemplazar cualquier parte de los presentes T\u00e9rminos del servicio mediante la publicaci\u00f3n de actualizaciones o cambios en nuestra p\u00e1gina web. Es su responsabilidad revisar esta p\u00e1gina peri\u00f3dicamente para ver los cambios. Su uso de la p\u00e1gina web o el acceso a ella de forma continua despu\u00e9s de la publicaci\u00f3n de cualquier cambio constituye la aceptaci\u00f3n de dichos cambios.Nuestra tienda est\u00e1 alojada en WOOCOMMERCE. Nos proporcionan la plataforma de comercio electr\u00f3nico en l\u00ednea que nos permite venderle nuestros productos.<\/p>\n\n\n\n<ul class=\"wp-block-list\">\n<li>SECCI\u00d3N 1: CONDICIONES GENERALESNos reservamos el derecho de rechazar el servicio a cualquier persona, por cualquier motivo, en cualquier momento.Usted comprende que su contenido (sin incluir la informaci\u00f3n de la tarjeta de cr\u00e9dito) puede transferirse sin cifrar e implicar (a) transmisiones en varias redes; y (b) cambios para adaptarse a los requisitos t\u00e9cnicos de conexi\u00f3n de redes o dispositivos y cumplir con ellos. La informaci\u00f3n de la tarjeta de cr\u00e9dito siempre se cifra durante la transferencia a trav\u00e9s de las redes.Usted acepta no reproducir, duplicar, copiar, vender, revender ni aprovechar ninguna parte del Servicio, uso del Servicio o acceso al Servicio o cualquier contacto en el sitio web a trav\u00e9s de la cual se presta el servicio, sin nuestro permiso expreso por escrito.Los encabezados utilizados en este acuerdo se incluyen s\u00f3lo para facilitar la lectura y no limitar\u00e1n ni afectar\u00e1n los presentes T\u00e9rminos.<\/li>\n\n\n\n<li>SECCI\u00d3N 3: EXACTITUD, TOTALIDAD Y CRONOLOG\u00cdA DE LA INFORMACI\u00d3NNo nos responsabilizamos si la informaci\u00f3n disponible en este sitio no es precisa, completa o actualizada. El material presentado en este sitio se proporciona solo para informaci\u00f3n general y no se debe confiar en el ni utilizarlo como la \u00fanica base para tomar decisiones sin consultar fuentes de informaci\u00f3n principales, m\u00e1s precisas, m\u00e1s completas o m\u00e1s recientes. Al confiar en cualquier material de este sitio lo hace por su cuenta y riesgo.Este sitio puede contener cierta informaci\u00f3n hist\u00f3rica. La informaci\u00f3n hist\u00f3rica, inevitablemente, no es actual y se proporciona \u00fanicamente como referencia. Nos reservamos el derecho de modificar el contenido de este sitio en cualquier momento, pero no tenemos la obligaci\u00f3n de actualizar ninguna informaci\u00f3n en nuestro sitio. Usted acepta que es su responsabilidad controlar los cambios en nuestro sitio.<\/li>\n<\/ul>\n\n\n\n<ul class=\"wp-block-list\">\n<li>SECCI\u00d3N 4: PRODUCTOS&nbsp;<\/li>\n<\/ul>\n\n\n\n<p>Hemos hecho todo lo viable para mostrar con la mayor precisi\u00f3n posible los colores y las im\u00e1genes de nuestros productos que aparecen en la tienda. No podemos garantizar que la visualizaci\u00f3n de cualquier color en el monitor de su computadora sea precisa.Nos reservamos el derecho, pero no estamos obligados, de limitar las ventas de nuestros productos a cualquier persona, regi\u00f3n geogr\u00e1fica o jurisdicci\u00f3n. Podemos ejercer este derecho caso por caso. Nos reservamos el derecho de limitar las cantidades de cualquier producto que ofrecemos. Todas las descripciones de los productos o los precios de los productos est\u00e1n sujetos a cambios en cualquier momento y sin previo aviso, a nuestra entera discreci\u00f3n. Nos reservamos el derecho de discontinuar cualquier producto en cualquier momento. Cualquier oferta de cualquier producto o servicio que se realice en este sitio no tiene validez donde dicho producto est\u00e9 prohibido.No garantizamos que la calidad de cualquier producto, servicio, informaci\u00f3n u otro material que usted haya comprado u obtenido cumplir\u00e1 con sus expectativas, o que cualquier error en el Servicio se corregir\u00e1.<\/p>\n\n\n\n<ul class=\"wp-block-list\">\n<li>SECCI\u00d3N 5: HERRAMIENTAS OPCIONALESPodemos proporcionarle acceso a herramientas de terceros que no supervisamos, ni tenemos ning\u00fan control sobre ellas, ni tampoco contribuimos.Usted reconoce y acepta que brindamos acceso a dichas herramientas \u00abtal como se encuentran\u00bb y \u00abseg\u00fan disponibilidad\u00bb sin garant\u00edas, representaciones ni condiciones de ning\u00fan tipo y sin ning\u00fan tipo de respaldo. No tendremos ninguna responsabilidad como consecuencia del uso que haga de herramientas opcionales de terceros o en relaci\u00f3n a ellas.Cualquier uso que haga de las herramientas opcionales ofrecidas a trav\u00e9s del sitio es por su cuenta y riesgo, y debe asegurarse de estar familiarizado con los t\u00e9rminos seg\u00fan los cuales los proveedores externos relevantes suministran dichas herramientas y aprobarlos.Tambi\u00e9n podemos, en el futuro, ofrecer nuevos servicios o funciones a trav\u00e9s del sitio web (incluido el lanzamiento de nuevas herramientas y recursos). Estas nuevas funciones o servicios tambi\u00e9n estar\u00e1n sujetos a los presentes T\u00e9rminos de servicio.<\/li>\n<\/ul>\n\n\n\n<ul class=\"wp-block-list\">\n<li>SECCI\u00d3N 6: ENLACES DE TERCEROSAlgunos contenidos y productos disponibles a trav\u00e9s de nuestro Servicio pueden incluir recursos de terceros.Los enlaces de terceros en este sitio pueden dirigirlo a p\u00e1ginas web de terceros que no est\u00e1n afiliados a nosotros. No somos responsables de examinar o evaluar el contenido o la exactitud, ni garantizamos ni asumiremos ninguna obligaci\u00f3n ni responsabilidad por los recursos o p\u00e1ginas web de terceros, ni por ning\u00fan otro material, producto o servicio de terceros.No somos responsables de ning\u00fan da\u00f1o o perjuicio relacionado con la compra o el uso de bienes, servicios, recursos, contenido o cualquier otra transacci\u00f3n realizada en conexi\u00f3n con sitios web de terceros. Revise cuidadosamente las pol\u00edticas y pr\u00e1cticas de terceros, y aseg\u00farese de comprenderlas antes de participar en cualquier transacci\u00f3n. Las quejas, reclamos, inquietudes o preguntas referentes a productos de terceros deben dirigirse a estos.<\/li>\n<\/ul>\n\n\n\n<ul class=\"wp-block-list\">\n<li>SECCI\u00d3N 7: COMENTARIOS DE LOS USUARIOS, OPINIONES Y OTRAS COMUNICACIONESSi, a petici\u00f3n nuestra, usted env\u00eda ciertas comunicaciones espec\u00edficas (por ejemplo, participaciones en un concurso) o, sin una solicitud nuestra, env\u00eda ideas creativas, sugerencias, propuestas, planes u otros materiales, ya sea online, por correo electr\u00f3nico, por correo postal, o de otro modo (denominado en lo sucesivo y de manera colectiva, \u2018comentarios\u2019), usted acepta que podemos, en cualquier momento, sin restricci\u00f3n: editar, copiar, publicar, distribuir, traducir y usar en cualquier medio cualquier comentario que usted nos env\u00ede. No tenemos ni tendremos ninguna obligaci\u00f3n (1) de mantener ning\u00fan comentario de manera confidencial; (2) pagar alguna compensaci\u00f3n por cualquier comentario; o (3) responder a cualquier comentario.Podemos, pero no tenemos la obligaci\u00f3n de monitorear, editar o eliminar contenido que a nuestra entera discreci\u00f3n determinemos que es ilegal, ofensivo, amenazante, calumnioso, difamatorio, pornogr\u00e1fico, obsceno u objetable, o que infrinja la propiedad intelectual de cualquiera de las partes o de los presentes T\u00e9rminos del servicio.Usted acepta que sus comentarios no infringir\u00e1n ning\u00fan derecho de terceros, incluidos los derechos de autor, marca registrada, privacidad, personalidad u otro derecho personal o de propiedad. Adem\u00e1s, acepta que sus comentarios no contendr\u00e1n material difamatorio, ileg\u00edtimo, abusivo u obsceno, ni contendr\u00e1n ning\u00fan virus inform\u00e1tico ni otro software da\u00f1ino que pueda afectar de cualquier manera el funcionamiento del Servicio o de cualquier sitio web relacionado. No puede utilizar una direcci\u00f3n de correo electr\u00f3nico falsa, simular ser otra persona o enga\u00f1arnos o enga\u00f1ar a terceros sobre el origen de los comentarios. Usted es el \u00fanico responsable de los comentarios que realice y de su exactitud. No asumimos ninguna responsabilidad ni ninguna obligaci\u00f3n por los comentarios publicados por usted o por un tercero.<\/li>\n<\/ul>\n\n\n\n<ul class=\"wp-block-list\">\n<li>SECCI\u00d3N 8: INFORMACI\u00d3N PERSONALEl env\u00edo de la informaci\u00f3n personal que haga a trav\u00e9s de la tienda se rige por nuestra Pol\u00edtica de privacidad. Para ver nuestra Pol\u00edtica de privacidad.<\/li>\n<\/ul>\n\n\n\n<ul class=\"wp-block-list\">\n<li>SECCI\u00d3N 9: ERRORES, INEXACTITUDES Y OMISIONESPuede haber informaci\u00f3n en nuestro sitio o en el Servicio que, ocasionalmente, contenga errores tipogr\u00e1ficos, inexactitudes u omisiones que puedan relacionarse con descripciones de productos, precios, promociones, ofertas, cargos por env\u00edo de productos, tiempos de tr\u00e1nsito y disponibilidad. Nos reservamos el derecho de corregir cualquier error, inexactitud u omisi\u00f3n, de cambiar o actualizar informaci\u00f3n, o cancelar pedidos si alguna informaci\u00f3n en el Servicio o en cualquier p\u00e1gina web relacionada es inexacta en cualquier momento sin previo aviso (incluso despu\u00e9s de haber enviado su pedido).No asumimos ninguna obligaci\u00f3n de actualizar, modificar o aclarar la informaci\u00f3n en el Servicio o en cualquier sitio web relacionado, incluyendo de manera enunciativa pero no limitativa, la informaci\u00f3n de precios, excepto cuando lo exija la ley. Ninguna actualizaci\u00f3n especificada o fecha de actualizaci\u00f3n aplicada en el Servicio o en cualquier sitio web relacionado debe tomarse para indicar que toda la informaci\u00f3n en el Servicio o en cualquier sitio web relacionado se modific\u00f3 o actualiz\u00f3.<\/li>\n<\/ul>\n\n\n\n<ul class=\"wp-block-list\">\n<li>SECCI\u00d3N 10: USOS PROHIBIDOSAdem\u00e1s de las prohibiciones establecidas en los T\u00e9rminos del servicio, se le proh\u00edbe utilizar el sitio o su contenido (a) para cualquier prop\u00f3sito ilegal; (b) para solicitar a otros que realicen o participen en cualquier acto ilegal; (c) para infringir cualquier reglamento, norma, ley u ordenanza local internacional, federal, provincial o estatal; (d) para infringir o violar nuestros derechos de propiedad intelectual o los derechos de propiedad intelectual de otros; (e) acosar, abusar, insultar, da\u00f1ar, difamar, calumniar, denigrar, intimidar o discriminar por motivos de g\u00e9nero, orientaci\u00f3n sexual, religi\u00f3n, etnia, raza, edad, nacionalidad o discapacidad; (f) enviar informaci\u00f3n falsa o enga\u00f1osa; (g) cargar o transmitir virus o cualquier otro tipo de c\u00f3digo da\u00f1ino que afecte o pueda afectar a la funcionalidad o el funcionamiento del Servicio o de cualquier sitio web relacionado, de otros sitios web o de Internet; (h) recopilar o rastrear la informaci\u00f3n personal de otros; (i) enviar correo no deseado, phishing, pharm, pretexto, spider, rastrear o extraer; (j) para cualquier prop\u00f3sito obsceno o inmoral; o (k) para interferir o eludir las funciones de seguridad del Servicio o de cualquier sitio web relacionado, o de otros sitios web o de Internet. Nos reservamos el derecho de dar por terminado su uso del Servicio o de cualquier sitio web relacionado por infringir cualquiera de los usos prohibidos<\/li>\n<\/ul>\n\n\n\n<ul class=\"wp-block-list\">\n<li>SECCI\u00d3N 11: DIVISIBILIDADEn caso de que se determine que alguna disposici\u00f3n de los presentes T\u00e9rminos del servicio sea ilegal, nula o inaplicable, dicha disposici\u00f3n ser\u00e1, no obstante, ejecutable en la medida en que lo permita la legislaci\u00f3n aplicable, y la parte inaplicable se considerar\u00e1 separada de los presentes T\u00e9rminos del servicio, sin que dicha determinaci\u00f3n afecte a la validez y aplicabilidad de las dem\u00e1s disposiciones.<\/li>\n<\/ul>\n\n\n\n<ul class=\"wp-block-list\">\n<li>SECCI\u00d3N 12: ACUERDO COMPLETOEl hecho de que no ejerzamos o hagamos valer alg\u00fan derecho o disposici\u00f3n de los presentes T\u00e9rminos del Servicio no constituir\u00e1 una renuncia a dicho derecho o disposici\u00f3n.Estos T\u00e9rminos de servicio y cualquier pol\u00edtica o regla de funcionamiento que hayamos publicado en este sitio o con respecto al Servicio constituye el acuerdo y el entendimiento completo entre usted y nosotros, y rigen su uso del Servicio, sustituyendo a cualquier acuerdo, comunicaci\u00f3n o propuesta anterior o contempor\u00e1nea, ya sea oral o escrita, entre usted y nosotros (incluyendo de manera enunciativa m\u00e1s no limitativa, las versiones anteriores de los T\u00e9rminos del servicio).Cualquier ambig\u00fcedad en la interpretaci\u00f3n de los presentes T\u00e9rminos del servicio no se interpretar\u00e1 en contra de la parte redactora.<\/li>\n<\/ul>\n\n\n\n<ul class=\"wp-block-list\">\n<li>SECCI\u00d3N 13: LEY APLICABLELos presentes T\u00e9rminos del servicio y cualquier acuerdo por separado por el cual le proporcionamos Servicios se regir\u00e1n e interpretar\u00e1n de acuerdo con las leyes peruanas.<\/li>\n<\/ul>\n\n\n\n<ul class=\"wp-block-list\">\n<li>SECCI\u00d3N 14: CAMBIOS EN LOS T\u00c9RMINOS DEL SERVICIONos reservamos el derecho, a nuestra entera discreci\u00f3n, de actualizar, cambiar o sustituir cualquier parte de los presentes T\u00e9rminos del servicio mediante la publicaci\u00f3n de actualizaciones y cambios en nuestro sitio web. Es su responsabilidad consultar nuestro sitio web peri\u00f3dicamente para ver los cambios. El uso que haga de nuestra p\u00e1gina web o del Servicio o su acceso a cualquiera de estos de forma continua despu\u00e9s de la publicaci\u00f3n de cualquier cambio en los presentes T\u00e9rminos del servicio, constituye la aceptaci\u00f3n de dichos cambios.<\/li>\n<\/ul>\n\n\n\n<ul class=\"wp-block-list\">\n<li>SECCI\u00d3N 15: INFORMACI\u00d3N DE CONTACTOLas preguntas sobre los T\u00e9rminos del servicio se deben enviar a contacto@regenflex.com\u00a0<\/li>\n<\/ul>\n\n\n\n<p><\/p>\n","protected":false},"excerpt":{"rendered":"<p>GENERALIDADESRegenflex&nbsp; gestiona este sitio web. En todo el sitio, los t\u00e9rminos \u00abnosotros\u00bb, \u00abnos\u00bb y \u00abnuestro\u00bb se refieren en lo sucesivo [&hellip;]<\/p>\n","protected":false},"author":1,"featured_media":0,"parent":0,"menu_order":0,"comment_status":"closed","ping_status":"closed","template":"","meta":{"site-sidebar-layout":"default","site-content-layout":"","ast-site-content-layout":"","site-content-style":"default","site-sidebar-style":"default","ast-global-header-display":"","ast-banner-title-visibility":"","ast-main-header-display":"","ast-hfb-above-header-display":"","ast-hfb-below-header-display":"","ast-hfb-mobile-header-display":"","site-post-title":"","ast-breadcrumbs-content":"","ast-featured-img":"","footer-sml-layout":"","theme-transparent-header-meta":"","adv-header-id-meta":"","stick-header-meta":"","header-above-stick-meta":"","header-main-stick-meta":"","header-below-stick-meta":"","astra-migrate-meta-layouts":"default","ast-page-background-enabled":"default","ast-page-background-meta":{"desktop":{"background-color":"var(--ast-global-color-5)","background-image":"","background-repeat":"repeat","background-position":"center center","background-size":"auto","background-attachment":"scroll","background-type":"","background-media":"","overlay-type":"","overlay-color":"","overlay-opacity":"","overlay-gradient":""},"tablet":{"background-color":"","background-image":"","background-repeat":"repeat","background-position":"center center","background-size":"auto","background-attachment":"scroll","background-type":"","background-media":"","overlay-type":"","overlay-color":"","overlay-opacity":"","overlay-gradient":""},"mobile":{"background-color":"","background-image":"","background-repeat":"repeat","background-position":"center center","background-size":"auto","background-attachment":"scroll","background-type":"","background-media":"","overlay-type":"","overlay-color":"","overlay-opacity":"","overlay-gradient":""}},"ast-content-background-meta":{"desktop":{"background-color":"var(--ast-global-color-4)","background-image":"","background-repeat":"repeat","background-position":"center center","background-size":"auto","background-attachment":"scroll","background-type":"","background-media":"","overlay-type":"","overlay-color":"","overlay-opacity":"","overlay-gradient":""},"tablet":{"background-color":"var(--ast-global-color-4)","background-image":"","background-repeat":"repeat","background-position":"center center","background-size":"auto","background-attachment":"scroll","background-type":"","background-media":"","overlay-type":"","overlay-color":"","overlay-opacity":"","overlay-gradient":""},"mobile":{"background-color":"var(--ast-global-color-4)","background-image":"","background-repeat":"repeat","background-position":"center center","background-size":"auto","background-attachment":"scroll","background-type":"","background-media":"","overlay-type":"","overlay-color":"","overlay-opacity":"","overlay-gradient":""}},"footnotes":""},"class_list":["post-895","page","type-page","status-publish","hentry"],"_links":{"self":[{"href":"https:\/\/regenflex.com.pe\/index.php\/wp-json\/wp\/v2\/pages\/895","targetHints":{"allow":["GET"]}}],"collection":[{"href":"https:\/\/regenflex.com.pe\/index.php\/wp-json\/wp\/v2\/pages"}],"about":[{"href":"https:\/\/regenflex.com.pe\/index.php\/wp-json\/wp\/v2\/types\/page"}],"author":[{"embeddable":true,"href":"https:\/\/regenflex.com.pe\/index.php\/wp-json\/wp\/v2\/users\/1"}],"replies":[{"embeddable":true,"href":"https:\/\/regenflex.com.pe\/index.php\/wp-json\/wp\/v2\/comments?post=895"}],"version-history":[{"count":3,"href":"https:\/\/regenflex.com.pe\/index.php\/wp-json\/wp\/v2\/pages\/895\/revisions"}],"predecessor-version":[{"id":905,"href":"https:\/\/regenflex.com.pe\/index.php\/wp-json\/wp\/v2\/pages\/895\/revisions\/905"}],"wp:attachment":[{"href":"https:\/\/regenflex.com.pe\/index.php\/wp-json\/wp\/v2\/media?parent=895"}],"curies":[{"name":"wp","href":"https:\/\/api.w.org\/{rel}","templated":true}]}}